{"id":88,"date":"2014-04-29T15:27:54","date_gmt":"2014-04-29T14:27:54","guid":{"rendered":"http:\/\/www.lacomberintze.ch\/fifo\/?page_id=88"},"modified":"2014-04-29T15:27:54","modified_gmt":"2014-04-29T14:27:54","slug":"slovaquie-banska-bystrica","status":"publish","type":"page","link":"https:\/\/fifo.ch\/en\/ses-ensembles-2014\/slovaquie-banska-bystrica\/","title":{"rendered":"Slovaquie (Banska Bystrica)"},"content":{"rendered":"<h5>Groupe folklorique \u00ab\u00a0URPIN\u00a0\u00bb<\/h5>\n<p>Website\u00a0<a title=\"Site web de Groupe folklorique &quot;URPIN&quot; de Banska Bystrica\" href=\"http:\/\/www.fsurpin.sk\/\" target=\"_blank\" rel=\"noopener\">fsurpin.sk<\/a><\/p>\n<p>Leur <a title=\"Site Facebook de Groupe folklorique &quot;URPIN&quot; de Banska Bystrica \" href=\"https:\/\/www.facebook.com\/pages\/Folkl%C3%B3rny-s%C3%BAbor-Urp%C3%ADn\/42626594826\" target=\"_blank\" rel=\"noopener\">Facebook<\/a><\/p>\n<h5>Pays essentiellement montagneux, la Slovaquie occupe la partie occidentale de la\u00a0cha\u00eene des Carpates. Alors que les hautes Tatras font fronti\u00e8res avec la Pologne,\u00a0les Basses Tatras se situent au centre de la Slovaquie o\u00f9 nous trouvons la ville de\u00a0Banska Bystrica, lieu connu du public du FIFO puisque nous avions re\u00e7u dans une\u00a0pr\u00e9c\u00e9dente \u00e9dition l\u2019ensemble Partizan de Biotika.<\/h5>\n<p><iframe loading=\"lazy\" src=\"http:\/\/www.deezer.com\/plugins\/player?autoplay=true&amp;playlist=true&amp;width=565&amp;height=240&amp;cover=true&amp;type=album&amp;id=4688331&amp;title=&amp;app_id=undefined\" width=\"565\" height=\"240\" frameborder=\"0\" scrolling=\"no\"><\/iframe><\/p>\n<p>Pour l\u2019\u00e9dition 2014, la Slovaquie nous d\u00e9l\u00e8gue l\u2019Ensemble Urpin de Banska Bystrica\u00a0qui a \u00e9t\u00e9 fond\u00e9 en 1957 et qui s\u2019est d\u00e9j\u00e0 pr\u00e9sent\u00e9 dans plus de 54 pays dans\u00a0le monde. Son r\u00e9pertoire est compos\u00e9 de musiques et de danses repr\u00e9sentant l\u2019ensemble des r\u00e9gions de la Slovaquie, cependant une partie importante de son\u00a0programme \u00e9voque la culture traditionnelle de la Slovaquie centrale.<\/p>\n<p>Comme la Suisse, la Slovaquie poss\u00e8de son Guillaume Tell : \u00ab Janosik \u00bb le Robin\u00a0des Bois des Tatras. Comme tous les voleurs au grand c\u0153ur, la bande de brigands\u00a0de Janosik volait l\u2019argent des riches pour le donner aux pauvres. C\u2019est \u00e0 cette\u00a0\u00e9poque que naquit sa l\u00e9gende, celle d\u2019un h\u00e9ros populaire \u00e9pris de justice et dot\u00e9\u00a0d\u2019une force surnaturelle. Il fait la fiert\u00e9 des Slovaques et il est courant d\u2019offrir certains\u00a0de ses symboles : la hache, la ceinture de force.<\/p>\n<p>Le groupe travaille r\u00e9guli\u00e8rement avec des chor\u00e9graphes slovaques pour la\u00a0pr\u00e9paration de son programme qui est toujours tr\u00e8s engag\u00e9 et dynamique. Gr\u00e2ce\u00a0\u00e0 une formation universitaire propos\u00e9e \u00e0 Bratislava, les directeurs et chor\u00e9graphes\u00a0slovaques disposent de hautes comp\u00e9tences artistiques et ont \u00e9t\u00e9 les premiers\u00a0\u00e0 introduire la dramaturgie dans les programmes de danses traditionnelles. La\u00a0pr\u00e9sentation de la l\u00e9gende Janosik en est un bon exemple.<\/p>\n<p>Le Groupe est dirig\u00e9 par Peter Pohancanik, la Direction artistique est confi\u00e9e \u00e0\u00a0Michal Majer, celle\u00a0de la musique \u00e0 Zuzanna Slancikova et celle du chant \u00e0 Alena\u00a0Palesova.<\/p>\n<!-- MetaSlider 438 not found -->","protected":false},"excerpt":{"rendered":"<p>Groupe folklorique \u00ab\u00a0URPIN\u00a0\u00bb Site internet\u00a0fsurpin.sk Leur Facebook Pays essentiellement montagneux, la Slovaquie occupe la partie occidentale de la\u00a0cha\u00eene des Carpates. Alors que les hautes Tatras font fronti\u00e8res avec la Pologne,\u00a0les Basses Tatras se situent au centre de la Slovaquie o\u00f9 nous trouvons la ville de\u00a0Banska Bystrica, lieu connu du public du FIFO puisque nous avions [&hellip;]<\/p>\n","protected":false},"author":2,"featured_media":440,"parent":72,"menu_order":0,"comment_status":"closed","ping_status":"closed","template":"","meta":{"_et_pb_use_builder":"","_et_pb_old_content":"","_et_gb_content_width":"","footnotes":""},"class_list":["post-88","page","type-page","status-publish","has-post-thumbnail","hentry"],"_links":{"self":[{"href":"https:\/\/fifo.ch\/en\/wp-json\/wp\/v2\/pages\/88","targetHints":{"allow":["GET"]}}],"collection":[{"href":"https:\/\/fifo.ch\/en\/wp-json\/wp\/v2\/pages"}],"about":[{"href":"https:\/\/fifo.ch\/en\/wp-json\/wp\/v2\/types\/page"}],"author":[{"embeddable":true,"href":"https:\/\/fifo.ch\/en\/wp-json\/wp\/v2\/users\/2"}],"replies":[{"embeddable":true,"href":"https:\/\/fifo.ch\/en\/wp-json\/wp\/v2\/comments?post=88"}],"version-history":[{"count":0,"href":"https:\/\/fifo.ch\/en\/wp-json\/wp\/v2\/pages\/88\/revisions"}],"up":[{"embeddable":true,"href":"https:\/\/fifo.ch\/en\/wp-json\/wp\/v2\/pages\/72"}],"wp:featuredmedia":[{"embeddable":true,"href":"https:\/\/fifo.ch\/en\/wp-json\/"}],"wp:attachment":[{"href":"https:\/\/fifo.ch\/en\/wp-json\/wp\/v2\/media?parent=88"}],"curies":[{"name":"wp","href":"https:\/\/api.w.org\/{rel}","templated":true}]}}