{"id":68,"date":"2014-04-29T14:51:09","date_gmt":"2014-04-29T13:51:09","guid":{"rendered":"http:\/\/www.lacomberintze.ch\/fifo\/?page_id=68"},"modified":"2014-04-29T14:51:09","modified_gmt":"2014-04-29T13:51:09","slug":"russie-tambov","status":"publish","type":"page","link":"https:\/\/fifo.ch\/en\/ses-ensembles-2014\/russie-tambov\/","title":{"rendered":"Russie (Oblast de Tambov)"},"content":{"rendered":"<h5><span style=\"color: #000000;\">Ensemble national acad\u00e9mique \u00ab\u00a0IVUSHKA\u00a0\u00bb\u00a0<\/span><\/h5>\n<p>Website\u00a0<a title=\"Site web de Ensemble national acad\u00e9mique &quot;IVUSHKA&quot; \" href=\"http:\/\/ivushka-tambov.ru\/\" target=\"_blank\" rel=\"noopener\">ivushka-tambov.ru<\/a><\/p>\n<h5 style=\"color: #222222; text-align: justify;\">L\u2019ensemble national acad\u00e9mique IVUCHKA de Tambov de Russie est consid\u00e9r\u00e9 par les sp\u00e9cialistes comme un des grands ballets de Russie.<\/h5>\n<p style=\"color: #222222; text-align: justify;\">La Russie fut jusqu\u2019en 1991 l\u2019une des r\u00e9publiques f\u00e9d\u00e9r\u00e9es de l\u2019U.R.S.S. (la plus vaste) et qui occupe la majeure partie de l\u2019Europe orientale et du bassin de la Volga, l\u2019Oural et la Sib\u00e9rie, elle s\u2019\u00e9tend jusqu&rsquo;\u00e0 l\u2019oc\u00e9an pacifique.<\/p>\n<p style=\"color: #222222; text-align: justify;\">Peupl\u00e9e essentiellement de Russes, mais aussi de nombreuses autres ethnies (Tatars, Tchouvaches, Ukrainiens etc..) la Russie comprend diverses circonscriptions territoriales regroupant les nationalit\u00e9s selon leur importance d\u00e9mographique : r\u00e9publiques autonomes, r\u00e9gions, territoires et districts autonomes et nationaux. L\u2019immensit\u00e9 du territoire et le nombre des nationalit\u00e9s ont entra\u00een\u00e9 de grandes disparit\u00e9s d\u00e9mographiques, \u00e9conomiques et dans le domaine des arts traditionnels.<\/p>\n<p style=\"color: #222222; text-align: justify;\">L\u2019Ensemble de chant et de danse \u201cIVUCHKA\u201d a \u00e9t\u00e9 cr\u00e9\u00e9 en 1968 et depuis 45 ans d\u2019existence et \u00e0 partir de 1972, Alexandre POPOVITCHEV dirige l\u2019Ensemble en tant que Directeur artistique et chor\u00e9graphe. Il est L\u2019Artiste du Peuple de la Russie (le plus important titre de Russie dans le domaine artistique) et la troupe nous arrive de la ville de Tambov est arros\u00e9e par la rivi\u00e8re Tsna et se trouve \u00e0 419 km au sud-est de Moscou.<\/p>\n<p style=\"color: #222222; text-align: justify;\">Cette troupe remarquable est tr\u00e8s connue pas seulement dans son pays, mais dans le monde entier: Hongrie, pays de M\u00e9diterran\u00e9e, Bulgarie, Scandinavie, Argentine, Autriche, Angleterre. Chaque ann\u00e9e depuis 1994 l\u2019Ensemble participe \u00e0 de nombreux Festivals internationaux, dont La Parade Musicale des nations a HANNOVER(Allemagne), ou on le consid\u00e8re en tant que tr\u00e9sor culturel.<\/p>\n<p><iframe loading=\"lazy\" src=\"\/\/www.youtube.com\/embed\/pzm7Is2FYa0?rel=0\" width=\"560\" height=\"315\" frameborder=\"0\" allowfullscreen=\"allowfullscreen\"><\/iframe><\/p>\n<p style=\"color: #222222; text-align: justify;\">Le r\u00e9pertoire de la troupe contient plus de 40 danses, des \u0153uvres nombreuses avec un excellent ch\u0153ur et orchestre. C\u2019est un espace de merveilles, de contes, \u00a0de r\u00e9alit\u00e9 historique, exprimant ainsi les meilleures traditions de l\u2019art populaire Russe. Plus de 300 costumes exceptionnels, la musique ravissante, les danses \u00e9clatantes \u2013 tout ce que le peuple russe garde soigneusement dans ces traditions ancestrales.<\/p>\n<p style=\"color: #222222; text-align: justify;\">Le spectacle original qui est pr\u00e9sent\u00e9 est une v\u00e9ritable encyclop\u00e9die repr\u00e9sentative de tout le folklore Russe ! La compagnie artistique d\u00e9montre sur sc\u00e8ne avec brio toute la virtuosit\u00e9, le temp\u00e9rament vif et la dext\u00e9rit\u00e9 qui caract\u00e9risent le folklore de Russie.<\/p>\n<p style=\"color: #222222; text-align: justify;\">En octobre 2013 l\u2019Ensemble a pr\u00e9sent\u00e9 son nouveau programme \u201cLa source de notre art vient du fond des si\u00e8cles\u2026\u201d, consacr\u00e9 aux 45 ans d\u2019existence de la troupe IVUCHKA.<\/p>\n<p style=\"color: #222222; text-align: justify;\">Les Dirigeants de l\u2019Ensemble sont tr\u00e8s attentifs pour \u00e9duquer la jeunesse. Le Studio de l\u2019art populaire existe aupr\u00e8s de l\u2019Ensemble pour les enfants et les adolescents, qui ensuite continuent leurs formations et reviennent au sein de la \u00a0troupe en tant que de tr\u00e8s bons artistes.<\/p>\n<p style=\"color: #222222; text-align: justify;\">La troupe se compose de 40 artistes, dont 3 portent le titre honorifique \u2013 Artistes \u00e9m\u00e9rite de la F\u00e9d\u00e9ration de Russie.<\/p>\n<p style=\"color: #222222; text-align: justify;\">Cette troupe est consid\u00e9r\u00e9e par beaucoup de sp\u00e9cialistes comme le \u00ab Grand Ballet \u00a0de Russie \u00bb, elle est la plus innovante et \u00a0certainement la plus professionnelle de ce grand pays.<\/p>\n<p style=\"color: #222222; text-align: justify;\">Le groupe pr\u00e9sente le folklore de six r\u00e9gions distinctes dont la plupart des danses tr\u00e8s originales du Sud de la Russie.<\/p>\n<p style=\"color: #222222; text-align: justify;\">Le spectacle est tr\u00e8s color\u00e9 et dynamique ; De superbes \u00a0jeux de costumes, une haute qualit\u00e9 d\u2019interpr\u00e9tation des danses, la beaut\u00e9 et la force des voix font de leur prestation un enchantement.<\/p>\n<!-- MetaSlider 540 not found -->","protected":false},"excerpt":{"rendered":"<p>Ensemble national acad\u00e9mique \u00ab\u00a0IVUSHKA\u00a0\u00bb\u00a0 Site internet\u00a0ivushka-tambov.ru L\u2019ensemble national acad\u00e9mique IVUCHKA de Tambov de Russie est consid\u00e9r\u00e9 par les sp\u00e9cialistes comme un des grands ballets de Russie. La Russie fut jusqu\u2019en 1991 l\u2019une des r\u00e9publiques f\u00e9d\u00e9r\u00e9es de l\u2019U.R.S.S. (la plus vaste) et qui occupe la majeure partie de l\u2019Europe orientale et du bassin de la Volga, [&hellip;]<\/p>\n","protected":false},"author":2,"featured_media":341,"parent":72,"menu_order":0,"comment_status":"closed","ping_status":"closed","template":"","meta":{"_et_pb_use_builder":"","_et_pb_old_content":"","_et_gb_content_width":"","footnotes":""},"class_list":["post-68","page","type-page","status-publish","has-post-thumbnail","hentry"],"_links":{"self":[{"href":"https:\/\/fifo.ch\/en\/wp-json\/wp\/v2\/pages\/68","targetHints":{"allow":["GET"]}}],"collection":[{"href":"https:\/\/fifo.ch\/en\/wp-json\/wp\/v2\/pages"}],"about":[{"href":"https:\/\/fifo.ch\/en\/wp-json\/wp\/v2\/types\/page"}],"author":[{"embeddable":true,"href":"https:\/\/fifo.ch\/en\/wp-json\/wp\/v2\/users\/2"}],"replies":[{"embeddable":true,"href":"https:\/\/fifo.ch\/en\/wp-json\/wp\/v2\/comments?post=68"}],"version-history":[{"count":0,"href":"https:\/\/fifo.ch\/en\/wp-json\/wp\/v2\/pages\/68\/revisions"}],"up":[{"embeddable":true,"href":"https:\/\/fifo.ch\/en\/wp-json\/wp\/v2\/pages\/72"}],"wp:featuredmedia":[{"embeddable":true,"href":"https:\/\/fifo.ch\/en\/wp-json\/"}],"wp:attachment":[{"href":"https:\/\/fifo.ch\/en\/wp-json\/wp\/v2\/media?parent=68"}],"curies":[{"name":"wp","href":"https:\/\/api.w.org\/{rel}","templated":true}]}}