{"id":568,"date":"2014-05-26T15:26:26","date_gmt":"2014-05-26T14:26:26","guid":{"rendered":"http:\/\/www.lacomberintze.ch\/fifo\/?page_id=568"},"modified":"2014-05-26T15:26:26","modified_gmt":"2014-05-26T14:26:26","slug":"suisse-valais-ifolk","status":"publish","type":"page","link":"https:\/\/fifo.ch\/en\/ses-ensembles-2014\/suisse-valais-ifolk\/","title":{"rendered":"Switzerland (Valais)"},"content":{"rendered":"<h5>iFOLK<\/h5>\n<p>Website\u00a0<a href=\"http:\/\/www.ifolk.ch\/\" target=\"_blank\" rel=\"noopener\">ifolk.ch<\/a><\/p>\n<p>Leur\u00a0<a href=\"https:\/\/www.facebook.com\/pages\/iFolk\/148465278576154\" target=\"_blank\" rel=\"noopener\">Facebook<\/a><\/p>\n<h5 style=\"color: #000000; text-align: justify;\">Du folk d\u2019ici et d\u2019ailleurs, voil\u00e0 la fa\u00e7on la plus simple de d\u00e9crire le r\u00e9pertoire de iFolk puisqu\u2019il puise dans les musiques traditionnelles des quatre coins de l\u2019Europe, de l\u2019Irlande \u00e0 la Mac\u00e9doine en passant par la Scandinavie et leur Valais natal, proposant ainsi un voyage musical sous le signe du m\u00e9tissage.<\/h5>\n<p style=\"color: #000000; text-align: justify;\">Du folk d\u2019ici et maintenant, voil\u00e0 comment iFolk d\u00e9crit son approche artistique des musiques r\u00e9gionales; transmises par la tradition orale, elles montrent de tout temps une ouverture aux innovations et aux influences fortuites issues des rencontres, des voyages, ou de l\u2019immigration. iFolk pr\u00e9sente sa lecture du folk sans chercher \u00e0 \u00ab\u00a0ressembler \u00e0\u00a0\u00bb&#8230; mais plut\u00f4t \u00e0 rassembler en partageant le plaisir de l\u2019interpr\u00e9ter librement avec ses instruments acoustiques.<\/p>\n<p style=\"color: #000000; text-align: justify;\">Vous l\u2019aurez compris, loin des prises de t\u00eate, iFolk ne porte aucun drapeau, sa d\u00e9marche vise avant tout le plaisir des sons et la rencontre.<\/p>\n<p style=\"color: #000000; text-align: justify;\">Cr\u00e9\u00e9e en 2009, cette formation rassemble six musiciens ayant chacun une longue exp\u00e9rience musicale au sein de diff\u00e9rents groupes. iFolk propose soit un programme de concert faisant la part belle aux chants soit une animation musicale privil\u00e9giant les pi\u00e8ces instrumentales.<\/p>\n<p><iframe loading=\"lazy\" src=\"\/\/www.youtube.com\/embed\/aMVHjMI5_XM?rel=0\" width=\"560\" height=\"315\" frameborder=\"0\" allowfullscreen=\"allowfullscreen\"><\/iframe><\/p>","protected":false},"excerpt":{"rendered":"<p>iFOLK Site internet\u00a0ifolk.ch Leur\u00a0Facebook Du folk d\u2019ici et d\u2019ailleurs, voil\u00e0 la fa\u00e7on la plus simple de d\u00e9crire le r\u00e9pertoire de iFolk puisqu\u2019il puise dans les musiques traditionnelles des quatre coins de l\u2019Europe, de l\u2019Irlande \u00e0 la Mac\u00e9doine en passant par la Scandinavie et leur Valais natal, proposant ainsi un voyage musical sous le signe du [&hellip;]<\/p>\n","protected":false},"author":2,"featured_media":571,"parent":72,"menu_order":0,"comment_status":"closed","ping_status":"closed","template":"","meta":{"_et_pb_use_builder":"","_et_pb_old_content":"","_et_gb_content_width":"","footnotes":""},"class_list":["post-568","page","type-page","status-publish","has-post-thumbnail","hentry"],"_links":{"self":[{"href":"https:\/\/fifo.ch\/en\/wp-json\/wp\/v2\/pages\/568","targetHints":{"allow":["GET"]}}],"collection":[{"href":"https:\/\/fifo.ch\/en\/wp-json\/wp\/v2\/pages"}],"about":[{"href":"https:\/\/fifo.ch\/en\/wp-json\/wp\/v2\/types\/page"}],"author":[{"embeddable":true,"href":"https:\/\/fifo.ch\/en\/wp-json\/wp\/v2\/users\/2"}],"replies":[{"embeddable":true,"href":"https:\/\/fifo.ch\/en\/wp-json\/wp\/v2\/comments?post=568"}],"version-history":[{"count":0,"href":"https:\/\/fifo.ch\/en\/wp-json\/wp\/v2\/pages\/568\/revisions"}],"up":[{"embeddable":true,"href":"https:\/\/fifo.ch\/en\/wp-json\/wp\/v2\/pages\/72"}],"wp:featuredmedia":[{"embeddable":true,"href":"https:\/\/fifo.ch\/en\/wp-json\/"}],"wp:attachment":[{"href":"https:\/\/fifo.ch\/en\/wp-json\/wp\/v2\/media?parent=568"}],"curies":[{"name":"wp","href":"https:\/\/api.w.org\/{rel}","templated":true}]}}