{"id":556,"date":"2014-05-26T15:01:51","date_gmt":"2014-05-26T14:01:51","guid":{"rendered":"http:\/\/www.lacomberintze.ch\/fifo\/?page_id=556"},"modified":"2014-05-26T15:01:51","modified_gmt":"2014-05-26T14:01:51","slug":"france-savoie","status":"publish","type":"page","link":"https:\/\/fifo.ch\/en\/ses-ensembles-2014\/france-savoie\/","title":{"rendered":"France (Savoie)"},"content":{"rendered":"<h5><span style=\"color: #000000;\">LA KINKERNE\u00a0<\/span><\/h5>\n<p>Website\u00a0<a href=\"http:\/\/www.sav.org\/kinkerne\/\" target=\"_blank\" rel=\"noopener\">sav.org\/kinkerne<\/a><\/p>\n<h5 class=\"xwd22\" style=\"color: #000000; text-align: justify;\"><span style=\"color: #000000;\">C&rsquo;est en 1974 que le groupe La Kinkerne\u00a0a vu le jour, apr\u00e8s une rencontre \u00e0 ERA (Etudes et Rencontres artistiques) \u00e0 Gen\u00e8ve en 1971, avec les premiers musiciens traditionnels du folk club Le Bourdon \u00e0 Paris. <\/span><\/h5>\n<p class=\"xwd22\" style=\"color: #000000; text-align: justify;\"><span style=\"color: #000000;\">Il y avait un Am\u00e9ricain, un Vietnamien, des Fran\u00e7ais, un Anglais&#8230; et puis Jean-Marc a appris a jouer des instruments traditionnels, et a fait la rencontre d&rsquo;Anne Osnowycz, de Ren\u00e9 Zosso, Reynald Breithaupt, et de Christian Abriel. Compte \u00e9galement \u00e0 cette \u00e9poque la d\u00e9couverte du disque d&rsquo;Alain Stivell, Renaissance de la Harpe celtique&#8230; et donc \u00e9tant Savoyard, Jean-Marc a voulu faire des recherches sur les musiques de la Savoie. <\/span><\/p>\n<p class=\"xwd22\" style=\"color: #000000; text-align: justify;\"><span style=\"color: #000000;\">Parall\u00e8lement \u00e0 son activit\u00e9 de facteur remplacant, Jean-Marc faisait des animations musicales<\/span>sous le nom du\u00a0Facteur de Viuz. L&rsquo;envie lui a pris de jouer en groupe, et jm a donc propos\u00e9 \u00e0 Anne et \u00e0 Diego Abriel (fr\u00e8re de Christian) de monter un groupe pour valoriser la musique de Savoie.<\/p>\n<p><iframe loading=\"lazy\" src=\"\/\/www.youtube.com\/embed\/H3j6eVPAyNw?rel=0\" width=\"560\" height=\"315\" frameborder=\"0\" allowfullscreen=\"allowfullscreen\"><\/iframe><\/p>","protected":false},"excerpt":{"rendered":"<p>LA KINKERNE\u00a0 Site internet\u00a0sav.org\/kinkerne C&rsquo;est en 1974 que le groupe La Kinkerne\u00a0a vu le jour, apr\u00e8s une rencontre \u00e0 ERA (Etudes et Rencontres artistiques) \u00e0 Gen\u00e8ve en 1971, avec les premiers musiciens traditionnels du folk club Le Bourdon \u00e0 Paris. Il y avait un Am\u00e9ricain, un Vietnamien, des Fran\u00e7ais, un Anglais&#8230; et puis Jean-Marc a [&hellip;]<\/p>\n","protected":false},"author":2,"featured_media":560,"parent":72,"menu_order":0,"comment_status":"closed","ping_status":"closed","template":"","meta":{"_et_pb_use_builder":"","_et_pb_old_content":"","_et_gb_content_width":"","footnotes":""},"class_list":["post-556","page","type-page","status-publish","has-post-thumbnail","hentry"],"_links":{"self":[{"href":"https:\/\/fifo.ch\/en\/wp-json\/wp\/v2\/pages\/556","targetHints":{"allow":["GET"]}}],"collection":[{"href":"https:\/\/fifo.ch\/en\/wp-json\/wp\/v2\/pages"}],"about":[{"href":"https:\/\/fifo.ch\/en\/wp-json\/wp\/v2\/types\/page"}],"author":[{"embeddable":true,"href":"https:\/\/fifo.ch\/en\/wp-json\/wp\/v2\/users\/2"}],"replies":[{"embeddable":true,"href":"https:\/\/fifo.ch\/en\/wp-json\/wp\/v2\/comments?post=556"}],"version-history":[{"count":0,"href":"https:\/\/fifo.ch\/en\/wp-json\/wp\/v2\/pages\/556\/revisions"}],"up":[{"embeddable":true,"href":"https:\/\/fifo.ch\/en\/wp-json\/wp\/v2\/pages\/72"}],"wp:featuredmedia":[{"embeddable":true,"href":"https:\/\/fifo.ch\/en\/wp-json\/"}],"wp:attachment":[{"href":"https:\/\/fifo.ch\/en\/wp-json\/wp\/v2\/media?parent=556"}],"curies":[{"name":"wp","href":"https:\/\/api.w.org\/{rel}","templated":true}]}}