{"id":549,"date":"2014-05-26T14:46:58","date_gmt":"2014-05-26T13:46:58","guid":{"rendered":"http:\/\/www.lacomberintze.ch\/fifo\/?page_id=549"},"modified":"2014-05-26T14:46:58","modified_gmt":"2014-05-26T13:46:58","slug":"suisse-valais-zacheos","status":"publish","type":"page","link":"https:\/\/fifo.ch\/en\/ses-ensembles-2014\/suisse-valais-zacheos\/","title":{"rendered":"Les Zach\u00e9os (Valais)"},"content":{"rendered":"<h5><span style=\"color: #000000;\">Ensemble \u00a0\u00ab\u00a0LES ZACHEOS\u00a0\u00bb\u00a0<\/span><\/h5>\n<p>Website\u00a0<a href=\"https:\/\/zacheos.ch\/\" target=\"_blank\" rel=\"noopener\">zacheos.ch<\/a><\/p>\n<h5>Zach\u00e9os, ce nom aux racines anniviardes, tir\u00e9 d\u2019une l\u00e9gende, est celui du groupe\u00a0fond\u00e9 en 1962 par Madame Monette Daetwyler et Messieurs Jean Daetwyler et\u00a0L\u00e9on Monnier. Depuis, les Zach\u00e9os ont v\u00e9cu plus de 55 ans de culture traditionnelle\u00a0au travers des participations \u00e0 des Festivals Internationaux dans le monde et la co-organisation du FIFO depuis 1986.<\/h5>\n<p>Drawing on the Valais roots to restore the most faithful possible image of today's Valais, this is the mission of the Zach\u00e9os. The Ensemble was created to be the link between the past and the future. To achieve this option, it is necessary to transpose legends, customs and historical facts on stage to keep the necessary dose of emotion and to place each event in its context.<\/p>\n<p>Whether through paintings of masks, mercenaries, the wedding, the Matze or scenes of peasant life, the Zach\u00e9os communicate their joy of dancing and sharing their cultural differences with other ensembles.<\/p>\n<p>From FIFO to Poland via Canada, Bulgaria and many other countries, the Zach\u00e9os perpetuate a cultural approach based on research, creation and training. Maintaining an ensemble of artistic quality worthy of the guideline given by the founders, this is the state of mind of the current leaders of this group still present at FIFO.<\/p>\n<p>Cette ann\u00e9e, les Zach\u00e9os ont repr\u00e9sent\u00e9 la Suisse au Festival de Folklore Chamb\u00e9ry\u00a0en France aux c\u00f4t\u00e9s d\u2019une dizaine de groupes venus du monde entier.<\/p>\n<p><iframe loading=\"lazy\" src=\"https:\/\/www.youtube.com\/embed\/videoseries?list=UUWeo_tc8lRXRaLBONF2sb2g\" width=\"560\" height=\"315\" frameborder=\"0\" allowfullscreen=\"allowfullscreen\"><\/iframe><\/p>","protected":false},"excerpt":{"rendered":"<p>Ensemble \u00a0\u00ab\u00a0LES ZACHEOS\u00a0\u00bb\u00a0 Site internet\u00a0zacheos.ch Zach\u00e9os, ce nom aux racines anniviardes, tir\u00e9 d\u2019une l\u00e9gende, est celui du groupe\u00a0fond\u00e9 en 1962 par Madame Monette Daetwyler et Messieurs Jean Daetwyler et\u00a0L\u00e9on Monnier. Depuis, les Zach\u00e9os ont v\u00e9cu plus de 55 ans de culture traditionnelle\u00a0au travers des participations \u00e0 des Festivals Internationaux dans le monde et la co-organisation [&hellip;]<\/p>\n","protected":false},"author":2,"featured_media":553,"parent":72,"menu_order":0,"comment_status":"closed","ping_status":"closed","template":"","meta":{"_et_pb_use_builder":"","_et_pb_old_content":"","_et_gb_content_width":"","footnotes":""},"class_list":["post-549","page","type-page","status-publish","has-post-thumbnail","hentry"],"_links":{"self":[{"href":"https:\/\/fifo.ch\/en\/wp-json\/wp\/v2\/pages\/549","targetHints":{"allow":["GET"]}}],"collection":[{"href":"https:\/\/fifo.ch\/en\/wp-json\/wp\/v2\/pages"}],"about":[{"href":"https:\/\/fifo.ch\/en\/wp-json\/wp\/v2\/types\/page"}],"author":[{"embeddable":true,"href":"https:\/\/fifo.ch\/en\/wp-json\/wp\/v2\/users\/2"}],"replies":[{"embeddable":true,"href":"https:\/\/fifo.ch\/en\/wp-json\/wp\/v2\/comments?post=549"}],"version-history":[{"count":0,"href":"https:\/\/fifo.ch\/en\/wp-json\/wp\/v2\/pages\/549\/revisions"}],"up":[{"embeddable":true,"href":"https:\/\/fifo.ch\/en\/wp-json\/wp\/v2\/pages\/72"}],"wp:featuredmedia":[{"embeddable":true,"href":"https:\/\/fifo.ch\/en\/wp-json\/"}],"wp:attachment":[{"href":"https:\/\/fifo.ch\/en\/wp-json\/wp\/v2\/media?parent=549"}],"curies":[{"name":"wp","href":"https:\/\/api.w.org\/{rel}","templated":true}]}}