{"id":544,"date":"2014-05-26T14:21:39","date_gmt":"2014-05-26T13:21:39","guid":{"rendered":"http:\/\/www.lacomberintze.ch\/fifo\/?page_id=544"},"modified":"2014-05-26T14:21:39","modified_gmt":"2014-05-26T13:21:39","slug":"russie-kalmoukie","status":"publish","type":"page","link":"https:\/\/fifo.ch\/en\/ses-ensembles-2014\/russie-kalmoukie\/","title":{"rendered":"Russie (Kalmoukie)"},"content":{"rendered":"<h5 style=\"text-align: justify;\"><span style=\"color: #000000;\">Ensemble de chant et de danse \u00ab\u00a0Bumbin Orn\u00a0\u00bb d&rsquo;Elista\u00a0<\/span><\/h5>\n<h5 style=\"text-align: justify;\">La R\u00e9publique de Kalmoukie fait partie de la F\u00e9d\u00e9ration de Russie et pr\u00e9sente la\u00a0particularit\u00e9 d\u2019\u00eatre la seule division administrative europ\u00e9enne \u00e0 l\u2019ouest de l\u2019Oural\u00a0dont la population est majoritairement d\u2019ethnie mongole originaire du Turkestan.<\/h5>\n<p style=\"text-align: justify;\">La Kalmoukie est situ\u00e9e dans la r\u00e9gion de la basse Volga qui borde la mer\u00a0Caspienne en Russie. Les Kalmouks, nom qui signifie litt\u00e9ralement \u00ab ceux qui sont\u00a0rest\u00e9s \u00bb, soumis aux Tsars puis au r\u00e9gime sovi\u00e9tique, se sont s\u00e9dentaris\u00e9s tout en\u00a0gardant leur culture et leur langue. L\u00e9nine \u00e9tait kalmouke par ses grands-parents\u00a0paternels.<\/p>\n<p style=\"text-align: justify;\">L\u2019Ensemble de Chant et de Danse populaire \u00ab Bumbin Orn \u00bb a \u00e9t\u00e9 cr\u00e9\u00e9 en 1984\u00a0au sein de l\u2019Universit\u00e9 d\u2019Elista. A travers la conservation et le d\u00e9veloppement des\u00a0traditions populaires et le maintien du tr\u00e9sor national, cet ensemble est la carte de\u00a0visite de l\u2019Universit\u00e9.<\/p>\n<p style=\"text-align: justify;\">La troupe participe activement aux \u00e9v\u00e8nements les plus importants de la R\u00e9publique\u00a0de Kalmoukie et \u00e0 l\u2019\u00e9tranger elle a r\u00e9colt\u00e9 de nombreux prix. Le Directeur Artistique,\u00a0M. Dmitri Dagaev, Artiste du Peuple de Kalmoukie et le Chef d\u2019orchestre Alima\u00a0Ovianova, Artiste \u00e9m\u00e9rite de Kalmoukie sont \u00e0 la base d\u2019un r\u00e9pertoire tr\u00e8s color\u00e9 qui\u00a0nous transportera sur les bords de la Volga.<\/p>\n<p style=\"text-align: justify;\">Nous exprimons notre gratitude la plus sinc\u00e8re au Recteur de l\u2019Universit\u00e9 d\u2019Etat de\u00a0Kalmoukie qui soutient l\u2019organisation de la visite de cet Ensemble \u00e0 notre Festival en\u00a0Suisse.<\/p>\n<p style=\"text-align: justify;\">Cet ensemble nous est pr\u00e9sent\u00e9 par Mme Natacha Tkachenko de la Maison du Th\u00e9\u00e2tre de Moscou.<\/p>\n<p style=\"text-align: justify;\"><!-- MetaSlider 889 not found --><\/p>","protected":false},"excerpt":{"rendered":"<p>Ensemble de chant et de danse \u00ab\u00a0Bumbin Orn\u00a0\u00bb d&rsquo;Elista\u00a0 La R\u00e9publique de Kalmoukie fait partie de la F\u00e9d\u00e9ration de Russie et pr\u00e9sente la\u00a0particularit\u00e9 d\u2019\u00eatre la seule division administrative europ\u00e9enne \u00e0 l\u2019ouest de l\u2019Oural\u00a0dont la population est majoritairement d\u2019ethnie mongole originaire du Turkestan. La Kalmoukie est situ\u00e9e dans la r\u00e9gion de la basse Volga qui borde [&hellip;]<\/p>\n","protected":false},"author":2,"featured_media":896,"parent":72,"menu_order":0,"comment_status":"closed","ping_status":"closed","template":"","meta":{"_et_pb_use_builder":"","_et_pb_old_content":"","_et_gb_content_width":"","footnotes":""},"class_list":["post-544","page","type-page","status-publish","has-post-thumbnail","hentry"],"_links":{"self":[{"href":"https:\/\/fifo.ch\/en\/wp-json\/wp\/v2\/pages\/544","targetHints":{"allow":["GET"]}}],"collection":[{"href":"https:\/\/fifo.ch\/en\/wp-json\/wp\/v2\/pages"}],"about":[{"href":"https:\/\/fifo.ch\/en\/wp-json\/wp\/v2\/types\/page"}],"author":[{"embeddable":true,"href":"https:\/\/fifo.ch\/en\/wp-json\/wp\/v2\/users\/2"}],"replies":[{"embeddable":true,"href":"https:\/\/fifo.ch\/en\/wp-json\/wp\/v2\/comments?post=544"}],"version-history":[{"count":0,"href":"https:\/\/fifo.ch\/en\/wp-json\/wp\/v2\/pages\/544\/revisions"}],"up":[{"embeddable":true,"href":"https:\/\/fifo.ch\/en\/wp-json\/wp\/v2\/pages\/72"}],"wp:featuredmedia":[{"embeddable":true,"href":"https:\/\/fifo.ch\/en\/wp-json\/"}],"wp:attachment":[{"href":"https:\/\/fifo.ch\/en\/wp-json\/wp\/v2\/media?parent=544"}],"curies":[{"name":"wp","href":"https:\/\/api.w.org\/{rel}","templated":true}]}}