{"id":3291,"date":"2018-03-27T10:09:37","date_gmt":"2018-03-27T09:09:37","guid":{"rendered":"http:\/\/www.fifo.ch\/?page_id=3291"},"modified":"2018-03-27T10:09:37","modified_gmt":"2018-03-27T09:09:37","slug":"les-zacheos-valais","status":"publish","type":"page","link":"https:\/\/fifo.ch\/en\/les-zacheos-valais\/","title":{"rendered":"Les Zach\u00e9os (Valais)"},"content":{"rendered":"<p>[et_pb_section admin_label=\u00a0\u00bbsection\u00a0\u00bb]<br \/>\n\t\t\t[et_pb_row admin_label=\u00a0\u00bbrow\u00a0\u00bb]<br \/>\n\t\t\t\t[et_pb_column type=\u00a0\u00bb4_4&Prime;][et_pb_text admin_label=\u00a0\u00bbText\u00a0\u00bb]<\/p>\n<h5><span style=\"color: #000000;\">Ensemble \u00a0\u00ab\u00a0LES ZACHEOS\u00a0\u00bb\u00a0<\/span><\/h5>\n<p>Site internet\u00a0<a href=\"https:\/\/zacheos.ch\/\" target=\"_blank\" rel=\"noopener\">zacheos.ch<\/a><\/p>\n<h5>Zach\u00e9os, ce nom aux racines anniviardes, tir\u00e9 d\u2019une l\u00e9gende, est celui du groupe\u00a0fond\u00e9 en 1962 par Madame Monette Daetwyler et Messieurs Jean Daetwyler et\u00a0L\u00e9on Monnier. Depuis, les Zach\u00e9os ont v\u00e9cu plus de 55 ans de culture traditionnelle\u00a0au travers des participations \u00e0 des Festivals Internationaux dans le monde et la co-organisation du FIFO depuis 1986.<\/h5>\n<p>Puiser dans les racines valaisannes pour redonner une image la plus fid\u00e8le possible\u00a0d\u2019un Valais actuel, voici la mission des Zach\u00e9os. L\u2019Ensemble a \u00e9t\u00e9 cr\u00e9\u00e9 pour \u00eatre le\u00a0lien entre le pass\u00e9 et le futur. Pour r\u00e9aliser cette option, il faut transposer\u00a0sc\u00e9niquement les l\u00e9gendes, les coutumes et les faits historiques pour garder la dose d\u2019\u00e9motion n\u00e9cessaire et replacer chaque \u00e9v\u00e9nement dans son contexte.<\/p>\n<p>Que ce soit au travers des tableaux des masques, des mercenaires, de la noce, de la\u00a0Matze ou des sc\u00e8nes de vie paysanne, les Zach\u00e9os communiquent leur joie de\u00a0danser et de partager leurs diff\u00e9rences culturelles avec les autres ensembles.<\/p>\n<p>Du FIFO \u00e0 la Pologne en passant par le Canada, la Bulgarie ou de nombreux autres\u00a0pays, les Zach\u00e9os perp\u00e9tuent une d\u00e9marche culturelle bas\u00e9e sur la recherche, la\u00a0cr\u00e9ation et la formation. Maintenir un Ensemble de qualit\u00e9 artistique digne de la ligne\u00a0directrice donn\u00e9e par les fondateurs, voil\u00e0 l\u2019\u00e9tat d\u2019esprit des responsables actuels de\u00a0ce groupe toujours pr\u00e9sent au FIFO.<\/p>\n<p>Cette ann\u00e9e, les Zach\u00e9os vont repr\u00e9sent\u00e9 la Suisse au Festival de Folklore \u00ab\u00a0<a href=\"http:\/\/www.sciampitta.com\/\">Sciampitta<\/a>\u00a0\u00bb en Italie (Sardaigne) aux c\u00f4t\u00e9s d\u2019une dizaine de groupes venus du monde entier.<\/p>\n<p style=\"text-align: center;\">\u00a0<iframe loading=\"lazy\" src=\"https:\/\/www.youtube.com\/embed\/videoseries?list=UUWeo_tc8lRXRaLBONF2sb2g\" width=\"800\" height=\"449\" frameborder=\"0\" allowfullscreen=\"allowfullscreen\"><\/iframe><\/p>\n<p>[\/et_pb_text][\/et_pb_column]<br \/>\n\t\t\t[\/et_pb_row]<br \/>\n\t\t[\/et_pb_section]<\/p>\n","protected":false},"excerpt":{"rendered":"<p>Ensemble \u00a0\u00ab\u00a0LES ZACHEOS\u00a0\u00bb\u00a0 Site internet\u00a0zacheos.ch Zach\u00e9os, ce nom aux racines anniviardes, tir\u00e9 d\u2019une l\u00e9gende, est celui du groupe\u00a0fond\u00e9 en 1962 par Madame Monette Daetwyler et Messieurs Jean Daetwyler et\u00a0L\u00e9on Monnier. Depuis, les Zach\u00e9os ont v\u00e9cu plus de 55 ans de culture traditionnelle\u00a0au travers des participations \u00e0 des Festivals Internationaux dans le monde et la co-organisation [&hellip;]<\/p>\n","protected":false},"author":2,"featured_media":3296,"parent":0,"menu_order":0,"comment_status":"closed","ping_status":"closed","template":"","meta":{"_et_pb_use_builder":"on","_et_pb_old_content":"<h5><span style=\"color: #000000;\">Ensemble \u00a0\"LES ZACHEOS\"\u00a0<\/span><\/h5>\nSite internet\u00a0<a href=\"https:\/\/zacheos.ch\/\" target=\"_blank\" rel=\"noopener\">zacheos.ch<\/a>\n<h5>Zach\u00e9os, ce nom aux racines anniviardes, tir\u00e9 d\u2019une l\u00e9gende, est celui du groupe\u00a0fond\u00e9 en 1962 par Madame Monette Daetwyler et Messieurs Jean Daetwyler et\u00a0L\u00e9on Monnier. Depuis, les Zach\u00e9os ont v\u00e9cu plus de 55 ans de culture traditionnelle\u00a0au travers des participations \u00e0 des Festivals Internationaux dans le monde et la co-organisation du FIFO depuis 1986.<\/h5>\nPuiser dans les racines valaisannes pour redonner une image la plus fid\u00e8le possible\u00a0d\u2019un Valais actuel, voici la mission des Zach\u00e9os. L\u2019Ensemble a \u00e9t\u00e9 cr\u00e9\u00e9 pour \u00eatre le\u00a0lien entre le pass\u00e9 et le futur. Pour r\u00e9aliser cette option, il faut transposer\u00a0sc\u00e9niquement les l\u00e9gendes, les coutumes et les faits historiques pour garder la dose d\u2019\u00e9motion n\u00e9cessaire et replacer chaque \u00e9v\u00e9nement dans son contexte.\n\nQue ce soit au travers des tableaux des masques, des mercenaires, de la noce, de la\u00a0Matze ou des sc\u00e8nes de vie paysanne, les Zach\u00e9os communiquent leur joie de\u00a0danser et de partager leurs diff\u00e9rences culturelles avec les autres ensembles.\n\nDu FIFO \u00e0 la Pologne en passant par le Canada, la Bulgarie ou de nombreux autres\u00a0pays, les Zach\u00e9os perp\u00e9tuent une d\u00e9marche culturelle bas\u00e9e sur la recherche, la\u00a0cr\u00e9ation et la formation. Maintenir un Ensemble de qualit\u00e9 artistique digne de la ligne\u00a0directrice donn\u00e9e par les fondateurs, voil\u00e0 l\u2019\u00e9tat d\u2019esprit des responsables actuels de\u00a0ce groupe toujours pr\u00e9sent au FIFO.\n\nCette ann\u00e9e, les Zach\u00e9os vont repr\u00e9sent\u00e9 la Suisse au Festival de Folklore \"<a href=\"http:\/\/www.sciampitta.com\/\">Sciampitta<\/a>\" en Italie (Sardaigne) aux c\u00f4t\u00e9s d\u2019une dizaine de groupes venus du monde entier.\n<p style=\"text-align: center;\">\u00a0<iframe src=\"https:\/\/www.youtube.com\/embed\/videoseries?list=UUWeo_tc8lRXRaLBONF2sb2g\" width=\"800\" height=\"449\" frameborder=\"0\" allowfullscreen=\"allowfullscreen\"><\/iframe><\/p>","_et_gb_content_width":"","footnotes":""},"class_list":["post-3291","page","type-page","status-publish","has-post-thumbnail","hentry"],"_links":{"self":[{"href":"https:\/\/fifo.ch\/en\/wp-json\/wp\/v2\/pages\/3291","targetHints":{"allow":["GET"]}}],"collection":[{"href":"https:\/\/fifo.ch\/en\/wp-json\/wp\/v2\/pages"}],"about":[{"href":"https:\/\/fifo.ch\/en\/wp-json\/wp\/v2\/types\/page"}],"author":[{"embeddable":true,"href":"https:\/\/fifo.ch\/en\/wp-json\/wp\/v2\/users\/2"}],"replies":[{"embeddable":true,"href":"https:\/\/fifo.ch\/en\/wp-json\/wp\/v2\/comments?post=3291"}],"version-history":[{"count":0,"href":"https:\/\/fifo.ch\/en\/wp-json\/wp\/v2\/pages\/3291\/revisions"}],"wp:featuredmedia":[{"embeddable":true,"href":"https:\/\/fifo.ch\/en\/wp-json\/"}],"wp:attachment":[{"href":"https:\/\/fifo.ch\/en\/wp-json\/wp\/v2\/media?parent=3291"}],"curies":[{"name":"wp","href":"https:\/\/api.w.org\/{rel}","templated":true}]}}