{"id":1814,"date":"2016-05-30T10:24:37","date_gmt":"2016-05-30T08:24:37","guid":{"rendered":"http:\/\/www.fifo.ch\/?page_id=1814"},"modified":"2016-05-30T10:24:37","modified_gmt":"2016-05-30T08:24:37","slug":"la-comberintze-valais","status":"publish","type":"page","link":"https:\/\/fifo.ch\/en\/ses-ensembles-2016\/la-comberintze-valais\/","title":{"rendered":"La Comberintze (Valais)"},"content":{"rendered":"<h5><span style=\"color: #000000;\">Ensemble folklorique \u00ab\u00a0LA COMBERINTZE\u00a0\u00bb\u00a0<\/span><\/h5>\n<p>Website <a href=\"http:\/\/www.lacomberintze.ch\" target=\"_blank\" rel=\"noopener\">lacomberintze.ch<\/a><\/p>\n<p>Leur <a href=\"https:\/\/fr-fr.facebook.com\/Fans-de-La-Comberintze-126876010717177\/\" target=\"_blank\" rel=\"noopener\">Facebook\u00a0<\/a><\/p>\n<div class=\"ps-content-text\">\n<h5 style=\"text-align: justify;\">La Comberintze, groupe folklorique de Martigny-Combe, a \u00e9t\u00e9 fond\u00e9e en 1947 et a pour but l\u2019\u00e9tude et le d\u00e9veloppement de la musique, de la danse folklorique et la conservation du costume local. Elle s\u2019attache \u00e0 faire revivre les danses qui avaient cours dans le vallon de la Combe au si\u00e8cle dernier.<\/h5>\n<p style=\"text-align: justify;\">Les costumes, confectionn\u00e9s sur le mod\u00e8le de v\u00eatements d\u00e9couverts dans de vieilles malles et authentifi\u00e9s par le Mus\u00e9e cantonal \u00e0 Sion, sont les r\u00e9pliques des habits du dimanche des habitants de la Combe vers les ann\u00e9es 1850.<\/p>\n<p style=\"text-align: justify;\">La Comberintze tire ses racines d\u2019un pays viticole form\u00e9 de parchets de vignes en terrasse sur le coteau. Avec ses danses du terroir, parfois rapides et violentes, parfois douces et m\u00e9lancoliques, correspondant au temp\u00e9rament vif et gai des vignerons comberains, la soci\u00e9t\u00e9 a particip\u00e9 \u00e0 de nombreuses Europ\u00e9ades dont trois \u00e9ditions ont d\u00e9j\u00e0 eu lieu \u00e0 Martigny (en 1981, 1997 et 2008). Elle a \u00e9t\u00e9 \u00e9galement coorganisatrice du Festival international folklorique d\u2019Octodure (FIFO) en 1986 et y a gagn\u00e9 le premier prix dans la cat\u00e9gorie \u00ab\u00a0folklore traditionnel\u00a0\u00bb.<\/p>\n<p style=\"text-align: justify;\"><iframe loading=\"lazy\" src=\"https:\/\/www.youtube.com\/embed\/uEmoPhdqrp4\" width=\"560\" height=\"315\" frameborder=\"0\" allowfullscreen=\"allowfullscreen\"><\/iframe><\/p>\n<p style=\"text-align: justify;\">Surnomm\u00e9e \u00ab\u00a0Ambassadrice de charme de Martigny et de sa r\u00e9gion\u00a0\u00bb, La Comberintze, r\u00e9unissant 6 musiciens, une vingtaine de danseurs\/ses adultes et une vingtaine d&rsquo;enfants, aime partager avec le public sa joie de danser en faisant revivre les traditions de sa r\u00e9gion, tel un tableau \u00e9voquant une tranche de vie d\u2019antan d\u2019un village valaisan.<\/p>\n<\/div>\n<h5 class=\"xwd22\" style=\"color: #000000; text-align: justify;\"><\/h5>","protected":false},"excerpt":{"rendered":"<p>Ensemble folklorique \u00ab\u00a0LA COMBERINTZE\u00a0\u00bb\u00a0 Site internet lacomberintze.ch Leur Facebook\u00a0 La Comberintze, groupe folklorique de Martigny-Combe, a \u00e9t\u00e9 fond\u00e9e en 1947 et a pour but l\u2019\u00e9tude et le d\u00e9veloppement de la musique, de la danse folklorique et la conservation du costume local. Elle s\u2019attache \u00e0 faire revivre les danses qui avaient cours dans le vallon de [&hellip;]<\/p>\n","protected":false},"author":2,"featured_media":1820,"parent":1595,"menu_order":0,"comment_status":"closed","ping_status":"closed","template":"","meta":{"_et_pb_use_builder":"","_et_pb_old_content":"","_et_gb_content_width":"","footnotes":""},"class_list":["post-1814","page","type-page","status-publish","has-post-thumbnail","hentry"],"_links":{"self":[{"href":"https:\/\/fifo.ch\/en\/wp-json\/wp\/v2\/pages\/1814","targetHints":{"allow":["GET"]}}],"collection":[{"href":"https:\/\/fifo.ch\/en\/wp-json\/wp\/v2\/pages"}],"about":[{"href":"https:\/\/fifo.ch\/en\/wp-json\/wp\/v2\/types\/page"}],"author":[{"embeddable":true,"href":"https:\/\/fifo.ch\/en\/wp-json\/wp\/v2\/users\/2"}],"replies":[{"embeddable":true,"href":"https:\/\/fifo.ch\/en\/wp-json\/wp\/v2\/comments?post=1814"}],"version-history":[{"count":0,"href":"https:\/\/fifo.ch\/en\/wp-json\/wp\/v2\/pages\/1814\/revisions"}],"up":[{"embeddable":true,"href":"https:\/\/fifo.ch\/en\/wp-json\/wp\/v2\/pages\/1595"}],"wp:featuredmedia":[{"embeddable":true,"href":"https:\/\/fifo.ch\/en\/wp-json\/"}],"wp:attachment":[{"href":"https:\/\/fifo.ch\/en\/wp-json\/wp\/v2\/media?parent=1814"}],"curies":[{"name":"wp","href":"https:\/\/api.w.org\/{rel}","templated":true}]}}