{"id":1701,"date":"2016-05-25T14:48:19","date_gmt":"2016-05-25T12:48:19","guid":{"rendered":"http:\/\/www.fifo.ch\/?page_id=1701"},"modified":"2016-05-25T14:48:19","modified_gmt":"2016-05-25T12:48:19","slug":"taiwan","status":"publish","type":"page","link":"https:\/\/fifo.ch\/en\/ses-ensembles-2016\/taiwan\/","title":{"rendered":"Taiwan (Keelung)"},"content":{"rendered":"<h5>Troupe de danse \u00ab\u00a0FENG HSIANG\u00a0\u00bb<\/h5>\n<h5>De forme allong\u00e9e, parcourue du nord au sud par une cha\u00eene montagneuse, l\u2019\u00eele\u00a0principale de Ta\u00efwan \u00e9voque une feuille de bananier dot\u00e9e d\u2019une large nervure.\u00a0Touch\u00e9s par ses paysages et la douceur de son climat, les Portugais qui\u00a0d\u00e9couvrirent Ta\u00efwan en 1590 la baptis\u00e8rent Formosa \u00ab\u00a0la Belle\u00a0\u00bb.<\/h5>\n<p><iframe loading=\"lazy\" src=\"https:\/\/www.youtube.com\/embed\/gaodeDiEDvo\" width=\"560\" height=\"267\" frameborder=\"0\" allowfullscreen=\"allowfullscreen\"><\/iframe><\/p>\n<p>A la proclamation de la R\u00e9publique de Chine par Mao, Ta\u00efwan devint le refuge du\u00a0gouvernement nationaliste de Tchang Kai-shek. Dans le nord de l\u2019\u00eele, Keelung\u00a0occupe une cuvette entour\u00e9e de montagnes.<\/p>\n<p>La troupe de danse\u00a0FENG HSIANG\u00a0<span style=\"line-height: 1.5;\">est compos\u00e9e d\u2019artistes professionnels recrut\u00e9s tr\u00e8s\u00a0jeunes dans les acad\u00e9mies de danse. Elle est accompagn\u00e9e durant son spectacle\u00a0par une musique vive qui en rehausse encore l\u2019int\u00e9r\u00eat.<\/span><\/p>\n<p>Elle \u00e9voque avec autant de talent que de beaut\u00e9 les traditions de l\u2019\u00eele qui sont celles\u00a0des populations qui l\u2019occupaient d\u00e9j\u00e0 lorsque les Chinois y abord\u00e8rent. Mais aussi la\u00a0tradition chinoise elle-m\u00eame, qui est probablement la plus ancienne et la mieux\u00a0prot\u00e9g\u00e9e de tous les arts du monde.\u00a0<!-- MetaSlider 2297 not found --><\/p>\n<p>Le peuple de Taiwan est joyeux. Son calendrier multiplie les f\u00eates qui sont toujours\u00a0sujets de danses, de musique, de feux d\u2019artifice pendant lesquels s\u2019allument des\u00a0milliers de lanternes magiques par leurs formes et leurs couleurs. Ces c\u00e9l\u00e9brations\u00a0inspirent la plupart des tableaux, mais aussi la vie de la cour imp\u00e9riale et m\u00eame la\u00a0guerre qui se fait toujours dans un luxe de banni\u00e8res d\u00e9ploy\u00e9es.<\/p>\n<p>Nous adressons un merci tout particulier \u00e0 la Section CIOFF Chinese Taipei pour\u00a0son aimable collaboration.<\/p>\n<p><iframe loading=\"lazy\" width=\"560\" height=\"315\" src=\"https:\/\/www.youtube.com\/embed\/9kEY5TEhjJs\" frameborder=\"0\" allowfullscreen><\/iframe><\/p>","protected":false},"excerpt":{"rendered":"<p>Troupe de danse \u00ab\u00a0FENG HSIANG\u00a0\u00bb De forme allong\u00e9e, parcourue du nord au sud par une cha\u00eene montagneuse, l\u2019\u00eele\u00a0principale de Ta\u00efwan \u00e9voque une feuille de bananier dot\u00e9e d\u2019une large nervure.\u00a0Touch\u00e9s par ses paysages et la douceur de son climat, les Portugais qui\u00a0d\u00e9couvrirent Ta\u00efwan en 1590 la baptis\u00e8rent Formosa \u00ab\u00a0la Belle\u00a0\u00bb. A la proclamation de la R\u00e9publique [&hellip;]<\/p>\n","protected":false},"author":2,"featured_media":1810,"parent":1595,"menu_order":0,"comment_status":"closed","ping_status":"closed","template":"","meta":{"_et_pb_use_builder":"","_et_pb_old_content":"","_et_gb_content_width":"","footnotes":""},"class_list":["post-1701","page","type-page","status-publish","has-post-thumbnail","hentry"],"_links":{"self":[{"href":"https:\/\/fifo.ch\/en\/wp-json\/wp\/v2\/pages\/1701","targetHints":{"allow":["GET"]}}],"collection":[{"href":"https:\/\/fifo.ch\/en\/wp-json\/wp\/v2\/pages"}],"about":[{"href":"https:\/\/fifo.ch\/en\/wp-json\/wp\/v2\/types\/page"}],"author":[{"embeddable":true,"href":"https:\/\/fifo.ch\/en\/wp-json\/wp\/v2\/users\/2"}],"replies":[{"embeddable":true,"href":"https:\/\/fifo.ch\/en\/wp-json\/wp\/v2\/comments?post=1701"}],"version-history":[{"count":0,"href":"https:\/\/fifo.ch\/en\/wp-json\/wp\/v2\/pages\/1701\/revisions"}],"up":[{"embeddable":true,"href":"https:\/\/fifo.ch\/en\/wp-json\/wp\/v2\/pages\/1595"}],"wp:featuredmedia":[{"embeddable":true,"href":"https:\/\/fifo.ch\/en\/wp-json\/"}],"wp:attachment":[{"href":"https:\/\/fifo.ch\/en\/wp-json\/wp\/v2\/media?parent=1701"}],"curies":[{"name":"wp","href":"https:\/\/api.w.org\/{rel}","templated":true}]}}