{"id":1680,"date":"2016-05-25T13:32:18","date_gmt":"2016-05-25T11:32:18","guid":{"rendered":"http:\/\/www.fifo.ch\/?page_id=1680"},"modified":"2016-05-25T13:32:18","modified_gmt":"2016-05-25T11:32:18","slug":"polynesie-francaise-iles-sous-le-vent","status":"publish","type":"page","link":"https:\/\/fifo.ch\/en\/ses-ensembles-2016\/polynesie-francaise-iles-sous-le-vent\/","title":{"rendered":"Polyn\u00e9sie fran\u00e7aise &#8211; Tahiti (Iles Sous-le-Vent)"},"content":{"rendered":"<h5>Ecole de danse \u00ab\u00a0RAIATEA NUI\u00a0\u00bb<\/h5>\n<h5 class=\"chapo\" style=\"text-align: justify;\">Le folklore de Tahiti et de toutes les \u00eeles du Pacifique a le pouvoir de faire r\u00eaver&#8230;\u00a0L&rsquo;image qui nous vient imm\u00e9diatement \u00e0 l&rsquo;esprit \u00e0 la seule \u00e9vocation du nom \u00ab\u00a0Tahiti\u00a0\u00bb est celle d&rsquo;une petite \u00eele perdue dans l&rsquo;oc\u00e9an, avec quelques cocotiers au milieu, et celle du sourire envo\u00fbtant d&rsquo;une jolie \u00ab\u00a0vahin\u00e9\u00a0\u00bb aux seins nus&#8230; Dans le m\u00eame d\u00e9cor, les dames imagineront un beau guerrier au corps muscl\u00e9 et tatou\u00e9.<\/h5>\n<p><iframe loading=\"lazy\" src=\"https:\/\/www.youtube.com\/embed\/rzvECNKFeqE\" width=\"560\" height=\"267\" frameborder=\"0\" allowfullscreen=\"allowfullscreen\"><\/iframe><\/p>\n<p style=\"text-align: justify;\">La troupe \u00ab\u00a0RAIATEA NUI\u00a0\u00bb de RAIATEA des Iles Sous le Vent &#8211; Tahiti vous transporte dans cet univers de r\u00eave.<\/p>\n<p style=\"text-align: justify;\">Heiva i Tahiti signifie \u00ab\u00a0la f\u00eate\u00a0\u00bb en tahitien. Les polyn\u00e9siens en ont le sens inn\u00e9 et manifestent naturellement leur joie de vivre. Ils communiquent leur bonne humeur instantan\u00e9ment, leur gentillesse vous subjugue et vous entra\u00eene dans leur paradis du bout du monde. En les invitant chez vous, vous donnerez du bonheur \u00e0 vos amis et \u00e0 tout le public que vous allez convier \u00e0 votre f\u00eate.<\/p>\n<p style=\"text-align: justify;\">La troupe RAIATEA NUI sous la direction de Murielle Sham koua-Teuiau existe depuis 30 ans et nous arrive de l&rsquo;\u00eele de Raiatea, \u00eeles sous le vent \u00e0 240 km de Tahiti. Ils ont particip\u00e9 avec grand succ\u00e8s \u00e0 plusieurs festivals\u00a0dans le monde mais c\u2019est la toute premi\u00e8re fois que la troupe se produira en Europe et en Suisse.<\/p>\n<p><iframe loading=\"lazy\" src=\"https:\/\/www.youtube.com\/embed\/U9A0g80qoNs\" width=\"560\" height=\"315\" frameborder=\"0\" allowfullscreen=\"allowfullscreen\"><\/iframe><\/p>\n<p style=\"text-align: justify;\">La\u00a0magie sous le charme des \u00ab\u00a0vahin\u00e9s\u00a0\u00bb : une v\u00e9ritable invitation au voyage. Au programme, des danses (le Haka, la Danse du feu, la Danse de l&rsquo;amour&#8230;) et des chants superbes &#8230;<\/p>\n<p style=\"text-align: justify;\">M\u00e9langer le pass\u00e9 et le pr\u00e9sent pour mettre en valeur l\u2019importance du r\u00f4le qu\u2019ont jou\u00e9 les anciens, afin de les r\u00e9v\u00e9ler \u00e0 tous ceux et celles qui aujourd\u2019hui perp\u00e9tuent le groupe RAIATEA NUI !<\/p>\n<p>Nous d\u00e9couvrons cet ensemble gr\u00e2ce \u00e0 notre collaboration avec l\u2019organisation\u00a0Cultures Crois\u00e9es en Ile de France.<!-- MetaSlider 2234 not found --><\/p>","protected":false},"excerpt":{"rendered":"<p>Ecole de danse \u00ab\u00a0RAIATEA NUI\u00a0\u00bb Le folklore de Tahiti et de toutes les \u00eeles du Pacifique a le pouvoir de faire r\u00eaver&#8230;\u00a0L&rsquo;image qui nous vient imm\u00e9diatement \u00e0 l&rsquo;esprit \u00e0 la seule \u00e9vocation du nom \u00ab\u00a0Tahiti\u00a0\u00bb est celle d&rsquo;une petite \u00eele perdue dans l&rsquo;oc\u00e9an, avec quelques cocotiers au milieu, et celle du sourire envo\u00fbtant d&rsquo;une jolie [&hellip;]<\/p>\n","protected":false},"author":2,"featured_media":1693,"parent":1595,"menu_order":0,"comment_status":"closed","ping_status":"closed","template":"","meta":{"_et_pb_use_builder":"","_et_pb_old_content":"","_et_gb_content_width":"","footnotes":""},"class_list":["post-1680","page","type-page","status-publish","has-post-thumbnail","hentry"],"_links":{"self":[{"href":"https:\/\/fifo.ch\/en\/wp-json\/wp\/v2\/pages\/1680","targetHints":{"allow":["GET"]}}],"collection":[{"href":"https:\/\/fifo.ch\/en\/wp-json\/wp\/v2\/pages"}],"about":[{"href":"https:\/\/fifo.ch\/en\/wp-json\/wp\/v2\/types\/page"}],"author":[{"embeddable":true,"href":"https:\/\/fifo.ch\/en\/wp-json\/wp\/v2\/users\/2"}],"replies":[{"embeddable":true,"href":"https:\/\/fifo.ch\/en\/wp-json\/wp\/v2\/comments?post=1680"}],"version-history":[{"count":0,"href":"https:\/\/fifo.ch\/en\/wp-json\/wp\/v2\/pages\/1680\/revisions"}],"up":[{"embeddable":true,"href":"https:\/\/fifo.ch\/en\/wp-json\/wp\/v2\/pages\/1595"}],"wp:featuredmedia":[{"embeddable":true,"href":"https:\/\/fifo.ch\/en\/wp-json\/"}],"wp:attachment":[{"href":"https:\/\/fifo.ch\/en\/wp-json\/wp\/v2\/media?parent=1680"}],"curies":[{"name":"wp","href":"https:\/\/api.w.org\/{rel}","templated":true}]}}