{"id":1637,"date":"2016-05-11T16:35:24","date_gmt":"2016-05-11T15:35:24","guid":{"rendered":"http:\/\/www.fifo.ch\/?page_id=1637"},"modified":"2016-05-11T16:35:24","modified_gmt":"2016-05-11T15:35:24","slug":"pologne-petite-pologne","status":"publish","type":"page","link":"https:\/\/fifo.ch\/en\/ses-ensembles-2016\/pologne-petite-pologne\/","title":{"rendered":"Pologne (Petite-Pologne)"},"content":{"rendered":"<h5>Ensemble de chant et de danse \u00ab\u00a0NOWA-HUTA\u00a0\u00bb<\/h5>\n<p>Website\u00a0<a href=\"http:\/\/ftp.encek.nazwa.pl\/www_NH_OK\/nowahuta\/\" target=\"_blank\" rel=\"noopener\">encek.nazwa.pl<\/a><\/p>\n<p>Leur <a href=\"https:\/\/www.facebook.com\/ZespolNowaHuta\" target=\"_blank\" rel=\"noopener\">Facebook<\/a><\/p>\n<h5 style=\"text-align: justify;\">A la limite de l\u2019Europe occidentale, la Pologne a \u00e9t\u00e9 partag\u00e9e et envahie maintes fois depuis deux\u00a0si\u00e8cles. Un pays de plaine au nord, tandis que le sud offre des contrastes avec la cha\u00eene des Carpates,\u00a0plus particuli\u00e8rement les Tatras qui domine Zakopane, ville du festival des Montagnes.<\/h5>\n<p style=\"text-align: justify;\"><iframe loading=\"lazy\" src=\"https:\/\/www.youtube.com\/embed\/ppWHQ48IbB8\" width=\"560\" height=\"267\" frameborder=\"0\" allowfullscreen=\"allowfullscreen\"><\/iframe><\/p>\n<p style=\"text-align: justify;\">Important centre administratif et commercial, Cracovie, ville du sud de la Pologne, s\u2019est \u00e9tendue autour\u00a0de la place du march\u00e9 et de la halle aux draps, c\u0153ur de la cit\u00e9. Chef-lieu de Vo\u00ef\u00e9vodie, c\u2019est un grand\u00a0centre universitaire, culturel et artistique. A 10 km de Cracovie ronronne Nowa Huta, la ville industrielle\u00a0qui a pr\u00eat\u00e9 son nom au groupe invit\u00e9 \u00e0 l\u2019\u00e9dition 2016.<\/p>\n<p style=\"text-align: justify;\">Nowa Huta, ensemble de chants et danses a \u00e9t\u00e9 fond\u00e9 en 1953 \u00e0 Cracovie. Cet ensemble est issu de\u00a0jeunes de toutes les \u00e9coles de Cracovie, d\u2019\u00e9tudiants et de jeunes d\u00e9j\u00e0 en activit\u00e9. Chaque r\u00e9gion de\u00a0Pologne a son propre folklore, illustr\u00e9 par un costume color\u00e9 sp\u00e9cifique, des chants et des danses\u00a0traditionnelles. Ce qu\u2019il y a de plus frappant pour le spectateur, c\u2019est la vivacit\u00e9\u00a0 des danseurs,\u00a0 le\u00a0pittoresque des costumes, la richesse des couleurs. Et quand on comprend les paroles des chants, la\u00a0vie et les traditions de la campagne sont immortalis\u00e9es.<\/p>\n<p style=\"text-align: justify;\"><iframe loading=\"lazy\" src=\"https:\/\/www.youtube.com\/embed\/mfDV63W0N2w\" width=\"560\" height=\"315\" frameborder=\"0\" allowfullscreen=\"allowfullscreen\"><\/iframe><\/p>\n<p style=\"text-align: justify;\">Les costumes des \u00ab\u00a0KRAKOWIAKI\u00a0\u00bb sont peut-\u00eatre les plus connus \u00e0 l\u2019\u00e9tranger : Les kaftans brod\u00e9s\u00a0des hommes, leur coiffe \u2013 toque carr\u00e9e portant une plume de paon -,\u00a0 les corselets incrust\u00e9s des filles,\u00a0leurs couronnes de fleurs, tout cela est \u00e9clatant, tout comme leurs danses rythm\u00e9es.<\/p>\n<p style=\"text-align: justify;\">Et voil\u00e0 la cerise sur le g\u00e2teau : Les danses les plus vertigineuses : Le folklore des montagnards des\u00a0Tatras qu\u2019on appelle les \u00ab\u00a0GORALE\u00a0\u00bb. Leur costume traditionnel \u2013 qu\u2019ils portent encore dans la vie\u00a0courante \u00e0 Zakopane et alentours \u2013 car les gorales sont des bergers \u2013 est constitu\u00e9 de pantalon en\u00a0peau de mouton brod\u00e9e, d\u2019un chapeau et d\u2019une cape. Ils dansent assez souvent avec leur piolet ou une\u00a0hachette, sur un rythme d\u2019enfer \u2013 car bien s\u00fbr ces danses se rapportent \u00e0 leur vie quotidienne dans les\u00a0montagnes.\u00a0<!-- MetaSlider 1879 not found --><\/p>","protected":false},"excerpt":{"rendered":"<p>Ensemble de chant et de danse \u00ab\u00a0NOWA-HUTA\u00a0\u00bb Site internet\u00a0encek.nazwa.pl Leur Facebook A la limite de l\u2019Europe occidentale, la Pologne a \u00e9t\u00e9 partag\u00e9e et envahie maintes fois depuis deux\u00a0si\u00e8cles. Un pays de plaine au nord, tandis que le sud offre des contrastes avec la cha\u00eene des Carpates,\u00a0plus particuli\u00e8rement les Tatras qui domine Zakopane, ville du festival [&hellip;]<\/p>\n","protected":false},"author":2,"featured_media":1638,"parent":1595,"menu_order":0,"comment_status":"closed","ping_status":"closed","template":"","meta":{"_et_pb_use_builder":"","_et_pb_old_content":"","_et_gb_content_width":"","footnotes":""},"class_list":["post-1637","page","type-page","status-publish","has-post-thumbnail","hentry"],"_links":{"self":[{"href":"https:\/\/fifo.ch\/en\/wp-json\/wp\/v2\/pages\/1637","targetHints":{"allow":["GET"]}}],"collection":[{"href":"https:\/\/fifo.ch\/en\/wp-json\/wp\/v2\/pages"}],"about":[{"href":"https:\/\/fifo.ch\/en\/wp-json\/wp\/v2\/types\/page"}],"author":[{"embeddable":true,"href":"https:\/\/fifo.ch\/en\/wp-json\/wp\/v2\/users\/2"}],"replies":[{"embeddable":true,"href":"https:\/\/fifo.ch\/en\/wp-json\/wp\/v2\/comments?post=1637"}],"version-history":[{"count":0,"href":"https:\/\/fifo.ch\/en\/wp-json\/wp\/v2\/pages\/1637\/revisions"}],"up":[{"embeddable":true,"href":"https:\/\/fifo.ch\/en\/wp-json\/wp\/v2\/pages\/1595"}],"wp:featuredmedia":[{"embeddable":true,"href":"https:\/\/fifo.ch\/en\/wp-json\/"}],"wp:attachment":[{"href":"https:\/\/fifo.ch\/en\/wp-json\/wp\/v2\/media?parent=1637"}],"curies":[{"name":"wp","href":"https:\/\/api.w.org\/{rel}","templated":true}]}}