{"id":1621,"date":"2016-05-11T16:13:21","date_gmt":"2016-05-11T14:13:21","guid":{"rendered":"http:\/\/www.fifo.ch\/?page_id=1621"},"modified":"2016-05-11T16:13:21","modified_gmt":"2016-05-11T14:13:21","slug":"russie-bouriatie","status":"publish","type":"page","link":"https:\/\/fifo.ch\/en\/ses-ensembles-2016\/russie-bouriatie\/","title":{"rendered":"Russie (Bouriatie)"},"content":{"rendered":"<h5>Ensemble folklorique national \u00ab\u00a0ALTAN BOULAG\u00a0\u00bb<\/h5>\n<p>Site internet:\u00a0<a href=\"http:\/\/vk.com\/altanbulag\" target=\"_blank\" rel=\"noopener\">http:\/\/vk.com\/altanbulag<\/a><\/p>\n<p>Leur <a href=\"https:\/\/www.facebook.com\/Buryat-folk-ensemble-Altan-Bulag-246362575452172\/\" target=\"_blank\" rel=\"noopener\">Facebook<\/a><\/p>\n<h5>Quand on d\u00e9couvre la Bouriatie, pays extraordinaire, on ne sait pas si on se trouve en Russie, en Sib\u00e9rie, ou en Asie. En fait, c&rsquo;est un m\u00e9lange de tout cela. Situ\u00e9e \u00e0 l&rsquo;est du lac Ba\u00efkal et au nord de la Mongolie, la R\u00e9publique de Bouriatie occupe une surface de 351 300 km2 pour une population d&rsquo;\u00e0 peine plus d&rsquo;un million d&rsquo;habitants.<\/h5>\n<p><iframe loading=\"lazy\" src=\"https:\/\/www.youtube.com\/embed\/gkThxOfPvLE\" width=\"560\" height=\"267\" frameborder=\"0\" allowfullscreen=\"allowfullscreen\"><\/iframe><\/p>\n<p>Officiellement, celle-ci est compos\u00e9e de 70% de Russes, 24% de Bouriates, quelques Ukrainiens et autres&#8230;. Mais quand on se prom\u00e8ne \u00e0 la campagne, on a l&rsquo;impression qu&rsquo;il y a beaucoup plus de Bouriates que de Russes. Nous sommes ici vraiment en Asie, l&rsquo;Asie Centrale avec ses hivers et ses myst\u00e8res.<\/p>\n<p>L\u2019Ensemble folklorique national \u00ab Altan Boulag \u00bb, cr\u00e9\u00e9 en 1959, est le conservatoire des traditions, des danses et des musiques de la Sib\u00e9rie de l&rsquo;est extr\u00eame. Il d\u00e9pend de l\u2019acad\u00e9mie d\u2019Etat de Bouriatie. Il a pu rassembler les richesses traditionnelles d&rsquo;une mosa\u00efque de peuples, perdus dans cette immensit\u00e9 de landes et de bois, mais d&rsquo;une richesse ethnique \u00e9tonnante. Ainsi s&rsquo;y retrouvent les meilleurs \u00e9tudiants Bouriates, issus de sept universit\u00e9s, dans le domaine de la danse populaire et de la musique.\u00a0<!-- MetaSlider 2292 not found --><\/p>\n<p>Les costumes de cet ensemble sont haut en couleurs et d&rsquo;une richesse de fourrures \u00e9tonnante. Les instruments de musique sont tout aussi originaux : \u00ab balala\u00efkas \u00bb russes, \u00ab chansas \u00bb mongols, \u00ab lymbes \u00bb bouriates, \u00ab chomus \u00bb yakoutes, tambours \u00ab touvets \u00bb des chamanes, xylophone de pierres d\u2019Alkhanai.<\/p>\n<p>Mais les ch\u0153urs et les chants sont plus \u00e9tranges encore. Ils sont pourtant essentiels pour comprendre ces civilisations du bout du monde. Le spectacle rompt r\u00e9solument avec l&rsquo;image de la Russie blanche de l&rsquo;ouest pour nous faire entrer dans un domaine myst\u00e9rieux d&rsquo;une culture inter-ethnique, dont les racines toujours vivantes, plongent dans la pr\u00e9histoire. Celle de peuples isol\u00e9s dans un univers rendu hostile par le froid et l&rsquo;immensit\u00e9, aux fronti\u00e8res indistinctes qui chevauchent un continent. D\u2019exceptionnelles voix de gorge et des instruments comme le \u00ab Morin\u2013khoura \u00bb, le \u00ab Khountouvchoura \u00bb, le \u00ab Khomous \u00bb ou encore le \u00ab Khengereg \u00bb accompagnent le spectacle. <iframe loading=\"lazy\" src=\"https:\/\/www.youtube.com\/embed\/AHUaLNjKHYA\" width=\"560\" height=\"315\" frameborder=\"0\" allowfullscreen=\"allowfullscreen\"><\/iframe><\/p>\n<p>Mais la v\u00e9ritable p\u00e9pite du groupe, c\u2019est la pr\u00e9sentation qu\u2019il fait des traditions chamaniques. Le chamanisme est la plus vieille religion du monde, pratiqu\u00e9e dans toute la Sib\u00e9rie et plus particuli\u00e8rement en Bouriatie. On la retrouve sous diff\u00e9rentes formes dans toute l&rsquo;Asie. C&rsquo;est une philosophie populaire et un ensemble de pratiques magiques qui se caract\u00e9risent par le culte de la nature, la croyance aux esprits et des pratiques divinatoires et th\u00e9rapeutiques telles que la transe et l&rsquo;extase. Toutes ces repr\u00e9sentations se succ\u00e8dent sur sc\u00e8ne pour \u00e9voquer ce qui est encore le quotidien de tous les villages de Bouriatie.<\/p>\n<p>Toutes ces traditions, de la Sib\u00e9rie \u00e9ternelle, se retrouvent sous les pas des danses de l\u2019Ensemble folklorique national \u00ab Altan Boulag \u00bb dirig\u00e9 par Madame Ludmilla CHABAGANOVA.<\/p>\n<p>&nbsp;<\/p>\n<p>&nbsp;<\/p>\n<p>&nbsp;<\/p>","protected":false},"excerpt":{"rendered":"<p>Ensemble folklorique national \u00ab\u00a0ALTAN BOULAG\u00a0\u00bb Site internet:\u00a0http:\/\/vk.com\/altanbulag Leur Facebook Quand on d\u00e9couvre la Bouriatie, pays extraordinaire, on ne sait pas si on se trouve en Russie, en Sib\u00e9rie, ou en Asie. En fait, c&rsquo;est un m\u00e9lange de tout cela. Situ\u00e9e \u00e0 l&rsquo;est du lac Ba\u00efkal et au nord de la Mongolie, la R\u00e9publique de Bouriatie [&hellip;]<\/p>\n","protected":false},"author":2,"featured_media":2014,"parent":1595,"menu_order":0,"comment_status":"closed","ping_status":"closed","template":"","meta":{"_et_pb_use_builder":"","_et_pb_old_content":"","_et_gb_content_width":"","footnotes":""},"class_list":["post-1621","page","type-page","status-publish","has-post-thumbnail","hentry"],"_links":{"self":[{"href":"https:\/\/fifo.ch\/en\/wp-json\/wp\/v2\/pages\/1621","targetHints":{"allow":["GET"]}}],"collection":[{"href":"https:\/\/fifo.ch\/en\/wp-json\/wp\/v2\/pages"}],"about":[{"href":"https:\/\/fifo.ch\/en\/wp-json\/wp\/v2\/types\/page"}],"author":[{"embeddable":true,"href":"https:\/\/fifo.ch\/en\/wp-json\/wp\/v2\/users\/2"}],"replies":[{"embeddable":true,"href":"https:\/\/fifo.ch\/en\/wp-json\/wp\/v2\/comments?post=1621"}],"version-history":[{"count":0,"href":"https:\/\/fifo.ch\/en\/wp-json\/wp\/v2\/pages\/1621\/revisions"}],"up":[{"embeddable":true,"href":"https:\/\/fifo.ch\/en\/wp-json\/wp\/v2\/pages\/1595"}],"wp:featuredmedia":[{"embeddable":true,"href":"https:\/\/fifo.ch\/en\/wp-json\/"}],"wp:attachment":[{"href":"https:\/\/fifo.ch\/en\/wp-json\/wp\/v2\/media?parent=1621"}],"curies":[{"name":"wp","href":"https:\/\/api.w.org\/{rel}","templated":true}]}}