{"id":1610,"date":"2016-05-11T15:30:49","date_gmt":"2016-05-11T13:30:49","guid":{"rendered":"http:\/\/www.fifo.ch\/?page_id=1610"},"modified":"2016-05-11T15:30:49","modified_gmt":"2016-05-11T13:30:49","slug":"moldavie-transnistrie","status":"publish","type":"page","link":"https:\/\/fifo.ch\/en\/ses-ensembles-2016\/moldavie-transnistrie\/","title":{"rendered":"Moldavie (Transnistrie)"},"content":{"rendered":"<h5>Ensemble folklorique national \u00ab\u00a0VIORICA\u00a0\u00bb<\/h5>\n<p>Site internet:\u00a0<a href=\"http:\/\/dvorec-pmr.info\/viorika.html\" target=\"_blank\" rel=\"noopener\">http:\/\/dvorec-pmr.info\/viorika.html<\/a><\/p>\n<h5 style=\"text-align: justify;\">Pays de collines mollement allong\u00e9es au pied des Carpates et \u00e0 cheval sur la fronti\u00e8re roumaine, la Moldavie a la vie dure. Cette r\u00e9publique occupe les deux tiers d\u2019une r\u00e9gion qui s\u2019est appel\u00e9e la Bessarabie. Le pays est couvert d\u2019une v\u00e9g\u00e9tation de steppe parfois associ\u00e9e de for\u00eats en son centre. Autrefois consid\u00e9r\u00e9e comme le jardin de l\u2019union sovi\u00e9tique, la Moldavie a une \u00e9conomie essentiellement agricole : raisin, tabac, essence de rose, bl\u00e9, betterave \u00e0 sucre.<\/h5>\n<p><iframe loading=\"lazy\" width=\"560\" height=\"267\" src=\"https:\/\/www.youtube.com\/embed\/UzT0xWabUUI\" frameborder=\"0\" allowfullscreen><\/iframe><\/p>\n<p style=\"text-align: justify;\">L\u2019int\u00e9r\u00eat de ce pays tient \u00e0 ses particularit\u00e9s, langue et religion, qui ont forg\u00e9 une unit\u00e9 de la population autour de la foi, des \u00e9glises et des mille d\u00e9tails de l\u2019existence comme, par exemple, ces \u0153ufs d\u00e9cor\u00e9s \u00e0 la main.<\/p>\n<p style=\"text-align: justify;\">L\u2019\u00e9t\u00e9, la Moldavie se couvre de fleurs et en en particulier de roses. Il n\u2019y a pas de ferme, de maison, parfois de masure qui ne soit enfouie sous les fleurs. Chaque \u00e9v\u00e9nement, la vie, la mort, le bapt\u00eame, est l\u2019occasion de couvrir les hommes et parfois m\u00eame les chevaux sous une profusion de fleurs.<\/p>\n<p style=\"text-align: justify;\">Quant \u00e0 la musique, un vieux fond roumain a marqu\u00e9 de son empreinte les danses \u00e0 la fois joyeuses et nostalgiques, les rythmes et les m\u00e9lodies h\u00e9rit\u00e9es d\u2019une vieille tradition venue d\u2019on ne sait o\u00f9, mais qui a d\u00e9teint sur la musique, la danse et qui a forg\u00e9 la nostalgie des \u00e2mes. Les costumes sont richement brod\u00e9s, \u00e9clatants de couleurs. Ils tranchent avec la duret\u00e9 du temps. Il n\u2019est pas rare qu\u2019en fl\u00e2nant dans les rues des villages moldaves, on y d\u00e9couvre des ch\u00e2les et des robes qui, joyeusement, prennent leur revanche sur la s\u00e9v\u00e9rit\u00e9 du moment.<\/p>\n<p style=\"text-align: justify;\"><iframe loading=\"lazy\" src=\"https:\/\/www.youtube.com\/embed\/1DrRhs-BGI0\" width=\"560\" height=\"315\" frameborder=\"0\" allowfullscreen=\"allowfullscreen\"><\/iframe><\/p>\n<p style=\"text-align: justify;\">L\u2019Ensemble folklorique national\u00a0\u00ab\u00a0VIORICA\u00a0\u00bb\u00a0<span style=\"line-height: 1.5;\">est une des ballets nationaux de ce pays. D\u2019une qualit\u00e9 exceptionnelle, il chante toute la richesse et toutes les nostalgies de l\u2019\u00e2me moldave. Il nous propose un spectacle o\u00f9 se m\u00ealent traditions tziganes, moldaves et de la Bessarabie. Un \u00e9merveillement renforc\u00e9 par les centaines de costumes du groupe et la magie d\u2019un orchestre qui r\u00e9unit les musiciens les plus virtuoses de ce jeune pays. L\u2019art pr\u00e9sent\u00e9 par \u00ab\u00a0VIORICA\u00a0\u00bb trouve ses sources dans les plus anciennes et merveilleuses danses populaires des peuples roumains et moldaves.<\/span><\/p>\n<p style=\"text-align: justify;\"><span style=\"line-height: 1.5;\"> L\u2019Ensemble folklorique national \u00ab\u00a0VIORICA\u00a0\u00bb a \u00e9t\u00e9 fond\u00e9e en 1945 \u00e0 Tiraspol par des amateurs et amoureux de danses folkloriques. Laur\u00e9at des concours nationaux et internationaux, en 1993, \u00ab\u00a0VIORICA\u00a0\u00bb a re\u00e7u le statut d&rsquo;ensemble national de Moldavie.\u00a0<!-- MetaSlider 1877 not found --><\/span><\/p>\n<p style=\"text-align: justify;\"><span style=\"line-height: 1.5;\">Il assume la noble t\u00e2che d\u2019ambassadeur de la tradition. Huit programmes de concerts, pr\u00e9par\u00e9s et mont\u00e9s avec le plus grand soin, soit environ quatre-vingt danses, compose son r\u00e9pertoire. <\/span><\/p>\n<p style=\"text-align: justify;\"><span style=\"line-height: 1.5;\">On dit de \u00ab\u00a0VIORICA\u00a0\u00bb qu\u2019il est un des plus anciens et plus beaux ensembles folkloriques du monde. Vous allez le v\u00e9rifier pour votre plus grand plaisir.<\/span><\/p>\n<p style=\"text-align: justify;\">Cet ensemble est pr\u00e9sent au FIFO gr\u00e2ce \u00e0 la collaboration avec les Festivals du Sud, M. Yves Haures que nous remercions chaleureusement.<\/p>","protected":false},"excerpt":{"rendered":"<p>Ensemble folklorique national \u00ab\u00a0VIORICA\u00a0\u00bb Site internet:\u00a0http:\/\/dvorec-pmr.info\/viorika.html Pays de collines mollement allong\u00e9es au pied des Carpates et \u00e0 cheval sur la fronti\u00e8re roumaine, la Moldavie a la vie dure. Cette r\u00e9publique occupe les deux tiers d\u2019une r\u00e9gion qui s\u2019est appel\u00e9e la Bessarabie. Le pays est couvert d\u2019une v\u00e9g\u00e9tation de steppe parfois associ\u00e9e de for\u00eats en son [&hellip;]<\/p>\n","protected":false},"author":2,"featured_media":2001,"parent":1595,"menu_order":0,"comment_status":"closed","ping_status":"closed","template":"","meta":{"_et_pb_use_builder":"","_et_pb_old_content":"","_et_gb_content_width":"","footnotes":""},"class_list":["post-1610","page","type-page","status-publish","has-post-thumbnail","hentry"],"_links":{"self":[{"href":"https:\/\/fifo.ch\/en\/wp-json\/wp\/v2\/pages\/1610","targetHints":{"allow":["GET"]}}],"collection":[{"href":"https:\/\/fifo.ch\/en\/wp-json\/wp\/v2\/pages"}],"about":[{"href":"https:\/\/fifo.ch\/en\/wp-json\/wp\/v2\/types\/page"}],"author":[{"embeddable":true,"href":"https:\/\/fifo.ch\/en\/wp-json\/wp\/v2\/users\/2"}],"replies":[{"embeddable":true,"href":"https:\/\/fifo.ch\/en\/wp-json\/wp\/v2\/comments?post=1610"}],"version-history":[{"count":0,"href":"https:\/\/fifo.ch\/en\/wp-json\/wp\/v2\/pages\/1610\/revisions"}],"up":[{"embeddable":true,"href":"https:\/\/fifo.ch\/en\/wp-json\/wp\/v2\/pages\/1595"}],"wp:featuredmedia":[{"embeddable":true,"href":"https:\/\/fifo.ch\/en\/wp-json\/"}],"wp:attachment":[{"href":"https:\/\/fifo.ch\/en\/wp-json\/wp\/v2\/media?parent=1610"}],"curies":[{"name":"wp","href":"https:\/\/api.w.org\/{rel}","templated":true}]}}