{"id":147,"date":"2014-04-29T16:01:06","date_gmt":"2014-04-29T15:01:06","guid":{"rendered":"http:\/\/www.lacomberintze.ch\/fifo\/?page_id=147"},"modified":"2024-02-26T08:26:07","modified_gmt":"2024-02-26T07:26:07","slug":"fifo-martigny-cours-de-danse","status":"publish","type":"page","link":"https:\/\/fifo.ch\/en\/fifo-martigny-cours-de-danse\/","title":{"rendered":"Dance classes"},"content":{"rendered":"<p>[et_pb_section fb_built=\u00a0\u00bb1&Prime; _builder_version=\u00a0\u00bb4.16&Prime; global_colors_info=\u00a0\u00bb{}\u00a0\u00bb][et_pb_row _builder_version=\u00a0\u00bb4.24.1&Prime; _module_preset=\u00a0\u00bbdefault\u00a0\u00bb column_structure=\u00a0\u00bb1_2,1_2&Prime;][et_pb_column _builder_version=\u00a0\u00bb4.24.1&Prime; _module_preset=\u00a0\u00bbdefault\u00a0\u00bb type=\u00a0\u00bb1_2&Prime;][et_pb_image src=\u00a0\u00bbhttps:\/\/fifo.ch\/wp-content\/uploads\/2024\/02\/FIFO-2018-Seminaire-de-danse.jpg\u00a0\u00bb _builder_version=\u00a0\u00bb4.24.1&Prime; _module_preset=\u00a0\u00bbdefault\u00a0\u00bb hover_enabled=\u00a0\u00bb0&Prime; sticky_enabled=\u00a0\u00bb0&Prime; title_text=\u00a0\u00bbFIFO 2018 S\u00e9minaire de danse\u00a0\u00bb][\/et_pb_image][\/et_pb_column][et_pb_column _builder_version=\u00a0\u00bb4.24.1&Prime; _module_preset=\u00a0\u00bbdefault\u00a0\u00bb type=\u00a0\u00bb1_2&Prime;][et_pb_text _builder_version=\u00a0\u00bb4.24.1&Prime; _module_preset=\u00a0\u00bbdefault\u00a0\u00bb hover_enabled=\u00a0\u00bb0&Prime; sticky_enabled=\u00a0\u00bb0&Prime;]<\/p>\n<h3 style=\"font-weight: 400;\"><strong><em>Une immersion totale dans le folklore du monde.<\/em><\/strong><\/h3>\n<h4 style=\"font-weight: 4000;\"><span><\/span><\/h4>\n<h4 style=\"font-weight: 4000;\"><span>Du lundi 29 juillet au samedi 3 ao\u00fbt le FIFO organise son s\u00e9minaire de danse.<\/span><\/h4>\n<h4 style=\"font-weight: 400;\"><span><\/span><\/h4>\n<h4 style=\"font-weight: 400;\"><span>Envie de vivre le FIFO autrement et de partager des instants uniques avec les artistes\u00a0?<\/span><\/h4>\n<h4 style=\"font-weight: 400;\"><span>L\u2019inscription au cours de danse du FIFO comprend :<\/span><\/h4>\n<ul>\n<li>\n<h4><span>cours de danse avec les chor\u00e9graphes pr\u00e9sents au festival en compagnie de leurs danseurs et musiciens<\/span><\/h4>\n<\/li>\n<li>\n<h4><span>d\u00e9couverte de la culture et de la musique des pays invit\u00e9s<\/span><\/h4>\n<\/li>\n<li>\n<h4><span>repas de midi au Festival<\/span><\/h4>\n<\/li>\n<li>\n<h4><span>sortie culturelle<\/span><\/h4>\n<\/li>\n<li>\n<h4><span>abonnement pour tous les spectacles en places centrales r\u00e9serv\u00e9es<\/span><\/h4>\n<\/li>\n<\/ul>\n<h4 style=\"font-weight: 400;\"><span>\u00a0<\/span><\/h4>\n<h4 style=\"font-weight: 400;\"><span>Prix 350.-<\/span><\/h4>\n<h4 style=\"font-weight: 400;\"><span><\/span><\/h4>\n<h4 style=\"font-weight: 400;\"><span>Places limit\u00e9es<\/span><\/h4>\n<h4 style=\"font-weight: 400;\"><span><\/span><\/h4>\n<h4 style=\"font-weight: 400;\"><span>Informations\u00a0et inscriptions : <\/span><span><a href=\"mailto:coursdedanse@fifo.ch\">coursdedanse@fifo.ch<\/a><\/span><\/h4>\n<p>[\/et_pb_text][\/et_pb_column][\/et_pb_row][\/et_pb_section]<\/p>\n","protected":false},"excerpt":{"rendered":"<p>Une immersion totale dans le folklore du monde. Du lundi 29 juillet au samedi 3 ao\u00fbt le FIFO organise son s\u00e9minaire de danse. Envie de vivre le FIFO autrement et de partager des instants uniques avec les artistes\u00a0? L\u2019inscription au cours de danse du FIFO comprend : cours de danse avec les chor\u00e9graphes pr\u00e9sents au [&hellip;]<\/p>\n","protected":false},"author":2,"featured_media":930,"parent":0,"menu_order":0,"comment_status":"closed","ping_status":"closed","template":"","meta":{"_et_pb_use_builder":"on","_et_pb_old_content":"<h5 style=\"text-align: justify;\"><span style=\"color: #000000;\">Dans le cadre de l'\u00e9dition 2020, le cours de danse sur l'art traditionnel sera \u00e0 nouveau organis\u00e9. <\/span><\/h5>\n<h2 style=\"text-align: center;\"><strong><span style=\"color: #000000;\">Du lundi 27 juillet au jeudi 30 juillet<\/span><\/strong><\/h2>\n<p style=\"text-align: justify;\">les amateurs de danses traditionnelles auront l'occasion de d\u00e9couvrir les danses des pays invit\u00e9s et de les apprendre avec les chor\u00e9graphes pr\u00e9sents au Festival.<\/p>\n<p style=\"color: #000000;\">Pour une modeste somme, le FIFO vous offre :<\/p>\n\n<ul style=\"color: #000000;\">\n \t<li>s\u00e9minaire sur la danse populaire<\/li>\n \t<li>abonnement g\u00e9n\u00e9ral pour les spectacles du FIFO<\/li>\n \t<li>nourriture au Festival<\/li>\n \t<li>visite culturelle en ville de Martigny<\/li>\n<\/ul>\n<h2 style=\"text-align: center;\"><span style=\"color: #000000;\">Pour inscriptions et&nbsp;renseignements <a href=\"http:\/\/www.fifo.ch\/#shapely_home_contact-3\">CONTACT<\/a><\/span><\/h2>\n<p style=\"text-align: center;\"><\/p>","_et_gb_content_width":"","footnotes":""},"class_list":["post-147","page","type-page","status-publish","has-post-thumbnail","hentry"],"_links":{"self":[{"href":"https:\/\/fifo.ch\/en\/wp-json\/wp\/v2\/pages\/147","targetHints":{"allow":["GET"]}}],"collection":[{"href":"https:\/\/fifo.ch\/en\/wp-json\/wp\/v2\/pages"}],"about":[{"href":"https:\/\/fifo.ch\/en\/wp-json\/wp\/v2\/types\/page"}],"author":[{"embeddable":true,"href":"https:\/\/fifo.ch\/en\/wp-json\/wp\/v2\/users\/2"}],"replies":[{"embeddable":true,"href":"https:\/\/fifo.ch\/en\/wp-json\/wp\/v2\/comments?post=147"}],"version-history":[{"count":1,"href":"https:\/\/fifo.ch\/en\/wp-json\/wp\/v2\/pages\/147\/revisions"}],"predecessor-version":[{"id":35420,"href":"https:\/\/fifo.ch\/en\/wp-json\/wp\/v2\/pages\/147\/revisions\/35420"}],"wp:featuredmedia":[{"embeddable":true,"href":"https:\/\/fifo.ch\/en\/wp-json\/"}],"wp:attachment":[{"href":"https:\/\/fifo.ch\/en\/wp-json\/wp\/v2\/media?parent=147"}],"curies":[{"name":"wp","href":"https:\/\/api.w.org\/{rel}","templated":true}]}}